{"id":9095,"date":"2020-01-13T06:50:18","date_gmt":"2020-01-13T06:50:18","guid":{"rendered":"https:\/\/wpbingosite.com\/wordpress\/cerla\/?page_id=9095"},"modified":"2024-11-16T10:58:52","modified_gmt":"2024-11-16T09:58:52","slug":"qui-sommes-nous","status":"publish","type":"page","link":"https:\/\/www.pmdalia.ma\/fr\/qui-sommes-nous\/","title":{"rendered":"Qui Sommes Nous"},"content":{"rendered":"<div data-elementor-type=\"wp-page\" data-elementor-id=\"9095\" class=\"elementor elementor-9095\">\n\t\t\t\t\t\t\t\t\t<section class=\"elementor-section elementor-top-section elementor-element elementor-element-fcbe3f9 elementor-section-boxed elementor-section-height-default elementor-section-height-default\" data-id=\"fcbe3f9\" data-element_type=\"section\" data-settings=\"{&quot;background_background&quot;:&quot;classic&quot;}\">\n\t\t\t\t\t\t<div class=\"elementor-container elementor-column-gap-default\">\n\t\t\t\t\t<div class=\"elementor-column elementor-col-100 elementor-top-column elementor-element elementor-element-be972cf\" data-id=\"be972cf\" data-element_type=\"column\">\n\t\t\t<div class=\"elementor-widget-wrap elementor-element-populated\">\n\t\t\t\t\t\t\t\t<div class=\"elementor-element elementor-element-e9560af title-outline elementor-widget elementor-widget-heading\" data-id=\"e9560af\" data-element_type=\"widget\" data-widget_type=\"heading.default\">\n\t\t\t\t<div class=\"elementor-widget-container\">\n\t\t\t<style>\/*! elementor - v3.16.0 - 12-09-2023 *\/\n.elementor-heading-title{padding:0;margin:0;line-height:1}.elementor-widget-heading .elementor-heading-title[class*=elementor-size-]>a{color:inherit;font-size:inherit;line-height:inherit}.elementor-widget-heading .elementor-heading-title.elementor-size-small{font-size:15px}.elementor-widget-heading .elementor-heading-title.elementor-size-medium{font-size:19px}.elementor-widget-heading .elementor-heading-title.elementor-size-large{font-size:29px}.elementor-widget-heading .elementor-heading-title.elementor-size-xl{font-size:39px}.elementor-widget-heading .elementor-heading-title.elementor-size-xxl{font-size:59px}<\/style><h2 class=\"elementor-heading-title elementor-size-default\">Votre Sant\u00e9<\/h2>\t\t<\/div>\n\t\t\t\t<\/div>\n\t\t\t\t<div class=\"elementor-element elementor-element-dc77e46 elementor-widget elementor-widget-heading\" data-id=\"dc77e46\" data-element_type=\"widget\" data-widget_type=\"heading.default\">\n\t\t\t\t<div class=\"elementor-widget-container\">\n\t\t\t<h2 class=\"elementor-heading-title elementor-size-default\">Votre Bien-\u00eatre<\/h2>\t\t<\/div>\n\t\t\t\t<\/div>\n\t\t\t\t\t<\/div>\n\t\t<\/div>\n\t\t\t\t\t\t\t<\/div>\n\t\t<\/section>\n\t\t\t\t<section class=\"elementor-section elementor-top-section elementor-element elementor-element-5133470 elementor-section-boxed elementor-section-height-default elementor-section-height-default\" data-id=\"5133470\" data-element_type=\"section\" data-settings=\"{&quot;background_background&quot;:&quot;classic&quot;}\">\n\t\t\t\t\t\t<div class=\"elementor-container elementor-column-gap-default\">\n\t\t\t\t\t<div class=\"elementor-column elementor-col-50 elementor-top-column elementor-element elementor-element-e67b0a8 wpb-col-sm-60\" data-id=\"e67b0a8\" data-element_type=\"column\">\n\t\t\t<div class=\"elementor-widget-wrap elementor-element-populated\">\n\t\t\t\t\t\t\t\t<div class=\"elementor-element elementor-element-f4afc33 elementor-widget__width-initial elementor-widget elementor-widget-text-editor\" data-id=\"f4afc33\" data-element_type=\"widget\" data-widget_type=\"text-editor.default\">\n\t\t\t\t<div class=\"elementor-widget-container\">\n\t\t\t<style>\/*! elementor - v3.16.0 - 12-09-2023 *\/\n.elementor-widget-text-editor.elementor-drop-cap-view-stacked .elementor-drop-cap{background-color:#69727d;color:#fff}.elementor-widget-text-editor.elementor-drop-cap-view-framed .elementor-drop-cap{color:#69727d;border:3px solid;background-color:transparent}.elementor-widget-text-editor:not(.elementor-drop-cap-view-default) .elementor-drop-cap{margin-top:8px}.elementor-widget-text-editor:not(.elementor-drop-cap-view-default) .elementor-drop-cap-letter{width:1em;height:1em}.elementor-widget-text-editor .elementor-drop-cap{float:left;text-align:center;line-height:1;font-size:50px}.elementor-widget-text-editor .elementor-drop-cap-letter{display:inline-block}<\/style>\t\t\t\t<p><span style=\"color: #ffffff;\">Prenez soin de votre bien-\u00eatre<\/span><\/p>\t\t\t\t\t\t<\/div>\n\t\t\t\t<\/div>\n\t\t\t\t<div class=\"elementor-element elementor-element-7b5b231 elementor-widget elementor-widget-heading\" data-id=\"7b5b231\" data-element_type=\"widget\" data-widget_type=\"heading.default\">\n\t\t\t\t<div class=\"elementor-widget-container\">\n\t\t\t<h2 class=\"elementor-heading-title elementor-size-default\">PMDalia, pour votre sant\u00e9 et votre confort<\/h2>\t\t<\/div>\n\t\t\t\t<\/div>\n\t\t\t\t<div class=\"elementor-element elementor-element-8856a00 elementor-widget elementor-widget-text-editor\" data-id=\"8856a00\" data-element_type=\"widget\" data-widget_type=\"text-editor.default\">\n\t\t\t\t<div class=\"elementor-widget-container\">\n\t\t\t\t\t\t\t<p><span style=\"color: #ffffff;\"><strong>Des produits m\u00e9dicaux, des fournitures essentielles et des accessoires tels que des ceintures m\u00e9dicales pour soutenir et am\u00e9liorer votre quotidien.<\/strong><\/span><\/p>\t\t\t\t\t\t<\/div>\n\t\t\t\t<\/div>\n\t\t\t\t<div class=\"elementor-element elementor-element-9329cfd elementor-widget elementor-widget-button\" data-id=\"9329cfd\" data-element_type=\"widget\" data-widget_type=\"button.default\">\n\t\t\t\t<div class=\"elementor-widget-container\">\n\t\t\t\t\t<div class=\"elementor-button-wrapper\">\n\t\t\t<a class=\"elementor-button elementor-button-link elementor-size-sm\" href=\"https:\/\/www.pmdalia.ma\/fr\/boutique\/\">\n\t\t\t\t\t\t<span class=\"elementor-button-content-wrapper\">\n\t\t\t\t\t\t<span class=\"elementor-button-text\">D\u00e9couvrez nos solutions de sant\u00e9<\/span>\n\t\t<\/span>\n\t\t\t\t\t<\/a>\n\t\t<\/div>\n\t\t\t\t<\/div>\n\t\t\t\t<\/div>\n\t\t\t\t\t<\/div>\n\t\t<\/div>\n\t\t\t\t<div class=\"elementor-column elementor-col-50 elementor-top-column elementor-element elementor-element-101f0f4 wpb-col-sm-40\" data-id=\"101f0f4\" data-element_type=\"column\">\n\t\t\t<div class=\"elementor-widget-wrap\">\n\t\t\t\t\t\t\t\t\t<\/div>\n\t\t<\/div>\n\t\t\t\t\t\t\t<\/div>\n\t\t<\/section>\n\t\t\t\t<section class=\"elementor-section elementor-top-section elementor-element elementor-element-881fa96 elementor-section-boxed elementor-section-height-default elementor-section-height-default\" data-id=\"881fa96\" data-element_type=\"section\" data-settings=\"{&quot;background_background&quot;:&quot;classic&quot;}\">\n\t\t\t\t\t\t<div class=\"elementor-container elementor-column-gap-default\">\n\t\t\t\t\t<div class=\"elementor-column elementor-col-50 elementor-top-column elementor-element elementor-element-56c3e12 wpb-col-sm-40\" data-id=\"56c3e12\" data-element_type=\"column\">\n\t\t\t<div class=\"elementor-widget-wrap\">\n\t\t\t\t\t\t\t\t\t<\/div>\n\t\t<\/div>\n\t\t\t\t<div class=\"elementor-column elementor-col-50 elementor-top-column elementor-element elementor-element-70e0318 wpb-col-sm-60\" data-id=\"70e0318\" data-element_type=\"column\">\n\t\t\t<div class=\"elementor-widget-wrap elementor-element-populated\">\n\t\t\t\t\t\t\t\t<div class=\"elementor-element elementor-element-cdb1946 elementor-widget elementor-widget-text-editor\" data-id=\"cdb1946\" data-element_type=\"widget\" data-widget_type=\"text-editor.default\">\n\t\t\t\t<div class=\"elementor-widget-container\">\n\t\t\t\t\t\t\t<p><span style=\"color: #ffffff;\">100% qualit\u00e9 garantie, adapt\u00e9s \u00e0 vos besoins.<\/span><\/p>\t\t\t\t\t\t<\/div>\n\t\t\t\t<\/div>\n\t\t\t\t<div class=\"elementor-element elementor-element-b2550c1 elementor-widget elementor-widget-heading\" data-id=\"b2550c1\" data-element_type=\"widget\" data-widget_type=\"heading.default\">\n\t\t\t\t<div class=\"elementor-widget-container\">\n\t\t\t<h2 class=\"elementor-heading-title elementor-size-default\">Des solutions pour votre quotidien<\/h2>\t\t<\/div>\n\t\t\t\t<\/div>\n\t\t\t\t<div class=\"elementor-element elementor-element-e4c6eb3 elementor-widget elementor-widget-text-editor\" data-id=\"e4c6eb3\" data-element_type=\"widget\" data-widget_type=\"text-editor.default\">\n\t\t\t\t<div class=\"elementor-widget-container\">\n\t\t\t\t\t\t\t<p><strong><span style=\"color: #ffffff;\">Chez PMDalia, nous proposons une gamme diversifi\u00e9e de produits de sant\u00e9, y compris des ceintures m\u00e9dicales de haute qualit\u00e9. Ces ceintures sont con\u00e7ues pour offrir un soutien optimal \u00e0 votre dos et \u00e0 vos muscles, tout en vous apportant un confort au quotidien. Que ce soit pour des besoins post-chirurgicaux, des douleurs chroniques, ou simplement pour am\u00e9liorer votre posture, nos ceintures m\u00e9dicales sont adapt\u00e9es \u00e0 chaque situation.<\/span><\/strong><\/p>\t\t\t\t\t\t<\/div>\n\t\t\t\t<\/div>\n\t\t\t\t<div class=\"elementor-element elementor-element-25dbfce elementor-widget elementor-widget-button\" data-id=\"25dbfce\" data-element_type=\"widget\" data-widget_type=\"button.default\">\n\t\t\t\t<div class=\"elementor-widget-container\">\n\t\t\t\t\t<div class=\"elementor-button-wrapper\">\n\t\t\t<a class=\"elementor-button elementor-button-link elementor-size-sm\" href=\"https:\/\/www.pmdalia.ma\/fr\/boutique\/\">\n\t\t\t\t\t\t<span class=\"elementor-button-content-wrapper\">\n\t\t\t\t\t\t<span class=\"elementor-button-text\">Explorez nos produits<\/span>\n\t\t<\/span>\n\t\t\t\t\t<\/a>\n\t\t<\/div>\n\t\t\t\t<\/div>\n\t\t\t\t<\/div>\n\t\t\t\t\t<\/div>\n\t\t<\/div>\n\t\t\t\t\t\t\t<\/div>\n\t\t<\/section>\n\t\t\t\t<section class=\"elementor-section elementor-top-section elementor-element elementor-element-0d74a87 elementor-section-boxed elementor-section-height-default elementor-section-height-default\" data-id=\"0d74a87\" data-element_type=\"section\">\n\t\t\t\t\t\t<div class=\"elementor-container elementor-column-gap-default\">\n\t\t\t\t\t<div class=\"elementor-column elementor-col-100 elementor-top-column elementor-element elementor-element-0973b72\" data-id=\"0973b72\" data-element_type=\"column\">\n\t\t\t<div class=\"elementor-widget-wrap elementor-element-populated\">\n\t\t\t\t\t\t\t\t<div class=\"elementor-element elementor-element-3a99c87 elementor-widget elementor-widget-bwp_testimonial\" data-id=\"3a99c87\" data-element_type=\"widget\" data-widget_type=\"bwp_testimonial.default\">\n\t\t\t\t<div class=\"elementor-widget-container\">\n\t\t\t<div class=\"bwp-testimonial layout1\">\r\n\t<div class=\"block\">\r\n\t\t<div class=\"testimonial-title\">\r\n\t\t\t\t\t<\/div>\r\n\t<div class=\"block_content\">\r\n\t\t<div id=\"testimonial_7333331161777581414\" class=\"slick-carousel\" data-slidestoscroll=\"true\" data-nav=\"1\" data-dots=\"0\" data-columns4=\"1\" data-columns3=\"1\" data-columns2=\"1\" data-columns1=\"1\" data-columns=\"1\">\r\n\t\t\t\t\t\t\t\t\t\t\t\t\t\t\t\t<div class=\"testimonial-content\">\r\n\t\t\t\t\t\t\t\t\t<div class=\"item\">\r\n\t\t\t\t\t\t<div class=\"testimonial-item\">\r\n\t\t\t\t\t\t\t<span aria-hidden=\"true\" class=\"icon-quote-light\"><\/span>\r\n\t\t\t\t\t\t\t<div class=\"star star-4\"><\/div>\r\n\t\t\t\t\t\t\t<div class=\"testimonial-customer-position\"><p class=\"post-excerpt\">&#8220;J&#8217;ai trouv\u00e9 tout ce dont j&#8217;avais besoin sur PMDalia pour assurer mon confort quotidien. Les produits sont... <\/p><\/div>\r\n\t\t\t\t\t\t<\/div>\r\n\t\t\t\t\t\t<div class=\"testimonial-info\">\r\n\t\t\t\t\t\t\t<div class=\"testimonial-image\">\r\n\t\t\t\t\t\t\t\t\t\t\t\t\t\t\t<\/div>\r\n\t\t\t\t\t\t\t<div class=\"content\">\r\n\t\t\t\t\t\t\t\t<h2 class=\"testimonial-customer-name\">Fatima E.<\/h2>\r\n\t\t\t\t\t\t\t<\/div>\r\n\t\t\t\t\t\t<\/div>\r\n\t\t\t\t\t<\/div>\r\n\t\t\t\t\t<!-- Wrapper for slides -->\r\n\t\t\t\t \r\n\t\t\t\t<\/div>\r\n\t\t\t\t\t\t\t\t\t\t\t\t\t\t\t\t\t\t\t\t<div class=\"testimonial-content\">\r\n\t\t\t\t\t\t\t\t\t<div class=\"item\">\r\n\t\t\t\t\t\t<div class=\"testimonial-item\">\r\n\t\t\t\t\t\t\t<span aria-hidden=\"true\" class=\"icon-quote-light\"><\/span>\r\n\t\t\t\t\t\t\t<div class=\"star star-5\"><\/div>\r\n\t\t\t\t\t\t\t<div class=\"testimonial-customer-position\"><p class=\"post-excerpt\">&#8220;En tant que professionnel de sant\u00e9, j&#8217;appr\u00e9cie la rapidit\u00e9 de livraison et la disponibilit\u00e9 des produits. PMDalia... <\/p><\/div>\r\n\t\t\t\t\t\t<\/div>\r\n\t\t\t\t\t\t<div class=\"testimonial-info\">\r\n\t\t\t\t\t\t\t<div class=\"testimonial-image\">\r\n\t\t\t\t\t\t\t\t\t\t\t\t\t\t\t<\/div>\r\n\t\t\t\t\t\t\t<div class=\"content\">\r\n\t\t\t\t\t\t\t\t<h2 class=\"testimonial-customer-name\">Dr. Ahmed K.<\/h2>\r\n\t\t\t\t\t\t\t<\/div>\r\n\t\t\t\t\t\t<\/div>\r\n\t\t\t\t\t<\/div>\r\n\t\t\t\t\t<!-- Wrapper for slides -->\r\n\t\t\t\t \r\n\t\t\t\t<\/div>\r\n\t\t\t\t\t\t\t\t\t\t\t\t\t\t\t\t\t\t\t\t<div class=\"testimonial-content\">\r\n\t\t\t\t\t\t\t\t\t<div class=\"item\">\r\n\t\t\t\t\t\t<div class=\"testimonial-item\">\r\n\t\t\t\t\t\t\t<span aria-hidden=\"true\" class=\"icon-quote-light\"><\/span>\r\n\t\t\t\t\t\t\t<div class=\"star star-5\"><\/div>\r\n\t\t\t\t\t\t\t<div class=\"testimonial-customer-position\"><p class=\"post-excerpt\">&#8220;PMDalia m&#8217;a aid\u00e9 \u00e0 trouver des produits adapt\u00e9s apr\u00e8s une op\u00e9ration chirurgicale. Les ceintures m\u00e9dicales et les... <\/p><\/div>\r\n\t\t\t\t\t\t<\/div>\r\n\t\t\t\t\t\t<div class=\"testimonial-info\">\r\n\t\t\t\t\t\t\t<div class=\"testimonial-image\">\r\n\t\t\t\t\t\t\t\t\t\t\t\t\t\t\t<\/div>\r\n\t\t\t\t\t\t\t<div class=\"content\">\r\n\t\t\t\t\t\t\t\t<h2 class=\"testimonial-customer-name\">Youssef T.<\/h2>\r\n\t\t\t\t\t\t\t<\/div>\r\n\t\t\t\t\t\t<\/div>\r\n\t\t\t\t\t<\/div>\r\n\t\t\t\t\t<!-- Wrapper for slides -->\r\n\t\t\t\t \r\n\t\t\t\t<\/div>\r\n\t\t\t\t\t\t\t\t\t\t\t\t\t\t\t\t\t\t\t\t<div class=\"testimonial-content\">\r\n\t\t\t\t\t\t\t\t\t<div class=\"item\">\r\n\t\t\t\t\t\t<div class=\"testimonial-item\">\r\n\t\t\t\t\t\t\t<span aria-hidden=\"true\" class=\"icon-quote-light\"><\/span>\r\n\t\t\t\t\t\t\t<div class=\"star star-3\"><\/div>\r\n\t\t\t\t\t\t\t<div class=\"testimonial-customer-position\"><p class=\"post-excerpt\">&#8220;J&#8217;ai command\u00e9 plusieurs fournitures m\u00e9dicales pour mes parents \u00e2g\u00e9s, et je suis vraiment satisfaite de la qualit\u00e9... <\/p><\/div>\r\n\t\t\t\t\t\t<\/div>\r\n\t\t\t\t\t\t<div class=\"testimonial-info\">\r\n\t\t\t\t\t\t\t<div class=\"testimonial-image\">\r\n\t\t\t\t\t\t\t\t\t\t\t\t\t\t\t<\/div>\r\n\t\t\t\t\t\t\t<div class=\"content\">\r\n\t\t\t\t\t\t\t\t<h2 class=\"testimonial-customer-name\">Sara B.<\/h2>\r\n\t\t\t\t\t\t\t<\/div>\r\n\t\t\t\t\t\t<\/div>\r\n\t\t\t\t\t<\/div>\r\n\t\t\t\t\t<!-- Wrapper for slides -->\r\n\t\t\t\t \r\n\t\t\t\t<\/div>\r\n\t\t\t\t\t\t\t\t\t<\/div>\r\n\t<\/div>\r\n <\/div>\r\n<\/div>\r\n\t\t<\/div>\n\t\t\t\t<\/div>\n\t\t\t\t\t<\/div>\n\t\t<\/div>\n\t\t\t\t\t\t\t<\/div>\n\t\t<\/section>\n\t\t\t\t<section class=\"elementor-section elementor-top-section elementor-element elementor-element-f2032c3 elementor-section-boxed elementor-section-height-default elementor-section-height-default\" data-id=\"f2032c3\" data-element_type=\"section\">\n\t\t\t\t\t\t<div class=\"elementor-container elementor-column-gap-default\">\n\t\t\t\t\t<div class=\"elementor-column elementor-col-100 elementor-top-column elementor-element elementor-element-3805625\" data-id=\"3805625\" data-element_type=\"column\">\n\t\t\t<div class=\"elementor-widget-wrap elementor-element-populated\">\n\t\t\t\t\t\t\t\t<div class=\"elementor-element elementor-element-1289c3b elementor-widget elementor-widget-heading\" data-id=\"1289c3b\" data-element_type=\"widget\" data-widget_type=\"heading.default\">\n\t\t\t\t<div class=\"elementor-widget-container\">\n\t\t\t<h2 class=\"elementor-heading-title elementor-size-default\">##PMDalia\n<\/h2>\t\t<\/div>\n\t\t\t\t<\/div>\n\t\t\t\t<div class=\"elementor-element elementor-element-4c5feac elementor-widget elementor-widget-text-editor\" data-id=\"4c5feac\" data-element_type=\"widget\" data-widget_type=\"text-editor.default\">\n\t\t\t\t<div class=\"elementor-widget-container\">\n\t\t\t\t\t\t\t<p>Partagez vos exp\u00e9riences de sant\u00e9 avec PMDalia ! Ensemble, cr\u00e9ons une communaut\u00e9 o\u00f9 la sant\u00e9 est la priorit\u00e9.<\/p>\t\t\t\t\t\t<\/div>\n\t\t\t\t<\/div>\n\t\t\t\t\t<\/div>\n\t\t<\/div>\n\t\t\t\t\t\t\t<\/div>\n\t\t<\/section>\n\t\t\t\t<section class=\"elementor-section elementor-top-section elementor-element elementor-element-a09572c elementor-section-full_width elementor-section-height-default elementor-section-height-default\" data-id=\"a09572c\" data-element_type=\"section\">\n\t\t\t\t\t\t<div class=\"elementor-container elementor-column-gap-default\">\n\t\t\t\t\t<div class=\"elementor-column elementor-col-100 elementor-top-column elementor-element elementor-element-3e41110\" data-id=\"3e41110\" data-element_type=\"column\">\n\t\t\t<div class=\"elementor-widget-wrap elementor-element-populated\">\n\t\t\t\t\t\t\t\t<div class=\"elementor-element elementor-element-e8cc18f elementor-widget elementor-widget-bwp_instagram\" data-id=\"e8cc18f\" data-element_type=\"widget\" data-widget_type=\"bwp_instagram.default\">\n\t\t\t\t<div class=\"elementor-widget-container\">\n\t\t\t<div class=\"bwp-instagram slider2\">\r\n <div class=\"block\">\r\n \t\t<div class=\"block_content\">\r\n\t\t<div class=\"instagram\">\r\n\t\t\t<div class=\"slick-carousel\" data-dots=\"false\" data-item_row=\"1\" data-nav=\"false\" data-columns4=\"2\" data-columns3=\"3\" data-columns2=\"4\" data-columns1=\"5\" data-columns=\"6\">\r\n\t\t\t\t\t\t\t\t\t\t\t\t\t\t\t\t\t\t\t\t<div  class=\"image-instagram\">\r\n\t\t\t\t\t\t\t<a class=\"instagram\" href=\"\">\r\n\t\t\t\t\t\t\t\t<img decoding=\"async\" src=\"https:\/\/www.pmdalia.ma\/wp-content\/uploads\/2024\/11\/A.png\" alt=\"Image Slider\">\r\n\t\t\t\t\t\t\t<\/a>\r\n\t\t\t\t\t\t<\/div>\r\n\t\t\t\t\t\t\t\t\t\t\t\t\t\t\t\t\t\t\t\t\t\t\t\t\t\t\t\t\t\t<div  class=\"image-instagram\">\r\n\t\t\t\t\t\t\t<a class=\"instagram\" href=\"\">\r\n\t\t\t\t\t\t\t\t<img decoding=\"async\" src=\"https:\/\/www.pmdalia.ma\/wp-content\/uploads\/2024\/11\/B.png\" alt=\"Image Slider\">\r\n\t\t\t\t\t\t\t<\/a>\r\n\t\t\t\t\t\t<\/div>\r\n\t\t\t\t\t\t\t\t\t\t\t\t\t\t\t\t\t\t\t\t\t\t\t\t\t\t\t\t\t\t<div  class=\"image-instagram\">\r\n\t\t\t\t\t\t\t<a class=\"instagram\" href=\"\">\r\n\t\t\t\t\t\t\t\t<img decoding=\"async\" src=\"https:\/\/www.pmdalia.ma\/wp-content\/uploads\/2024\/11\/C.png\" alt=\"Image Slider\">\r\n\t\t\t\t\t\t\t<\/a>\r\n\t\t\t\t\t\t<\/div>\r\n\t\t\t\t\t\t\t\t\t\t\t\t\t\t\t\t\t\t\t\t\t\t\t\t\t\t\t\t\t\t<div  class=\"image-instagram\">\r\n\t\t\t\t\t\t\t<a class=\"instagram\" href=\"\">\r\n\t\t\t\t\t\t\t\t<img decoding=\"async\" src=\"https:\/\/www.pmdalia.ma\/wp-content\/uploads\/2024\/11\/D.png\" alt=\"Image Slider\">\r\n\t\t\t\t\t\t\t<\/a>\r\n\t\t\t\t\t\t<\/div>\r\n\t\t\t\t\t\t\t\t\t\t\t\t\t\t\t\t\t\t\t\t\t\t\t\t\t\t\t\t\t\t<div  class=\"image-instagram\">\r\n\t\t\t\t\t\t\t<a class=\"instagram\" href=\"\">\r\n\t\t\t\t\t\t\t\t<img decoding=\"async\" src=\"https:\/\/www.pmdalia.ma\/wp-content\/uploads\/2024\/11\/E.png\" alt=\"Image Slider\">\r\n\t\t\t\t\t\t\t<\/a>\r\n\t\t\t\t\t\t<\/div>\r\n\t\t\t\t\t\t\t\t\t\t\t\t\t\t\t\t\t\t\t\t\t\t\t\t\t\t\t\t\t\t<div  class=\"image-instagram\">\r\n\t\t\t\t\t\t\t<a class=\"instagram\" href=\"\">\r\n\t\t\t\t\t\t\t\t<img decoding=\"async\" src=\"https:\/\/www.pmdalia.ma\/wp-content\/uploads\/2024\/11\/F.png\" alt=\"Image Slider\">\r\n\t\t\t\t\t\t\t<\/a>\r\n\t\t\t\t\t\t<\/div>\r\n\t\t\t\t\t\t\t\t\t\t\t\t\t\t\t\t\t<\/div>\r\n\t\t<\/div>\r\n\t<\/div>\r\n  <div class=\"description\"><\/div>\r\n <\/div>\r\n<\/div>\t\t<\/div>\n\t\t\t\t<\/div>\n\t\t\t\t\t<\/div>\n\t\t<\/div>\n\t\t\t\t\t\t\t<\/div>\n\t\t<\/section>\n\t\t\t\t\t\t\t<\/div>","protected":false},"excerpt":{"rendered":"<p>Votre Sant\u00e9 Votre Bien-\u00eatre Prenez soin de votre bien-\u00eatre PMDalia, pour votre sant\u00e9 et votre confort Des produits m\u00e9dicaux, des fournitures essentielles et des accessoires tels que des ceintures m\u00e9dicales pour soutenir et am\u00e9liorer votre quotidien. D\u00e9couvrez nos solutions de sant\u00e9 100% qualit\u00e9 garantie, adapt\u00e9s \u00e0 vos besoins. Des solutions pour votre quotidien Chez PMDalia, [&hellip;]<\/p>","protected":false},"author":1,"featured_media":0,"parent":0,"menu_order":0,"comment_status":"closed","ping_status":"closed","template":"page-templates\/homepage.php","meta":{"footnotes":""},"class_list":["post-9095","page","type-page","status-publish","hentry"],"_links":{"self":[{"href":"https:\/\/www.pmdalia.ma\/fr\/wp-json\/wp\/v2\/pages\/9095","targetHints":{"allow":["GET"]}}],"collection":[{"href":"https:\/\/www.pmdalia.ma\/fr\/wp-json\/wp\/v2\/pages"}],"about":[{"href":"https:\/\/www.pmdalia.ma\/fr\/wp-json\/wp\/v2\/types\/page"}],"author":[{"embeddable":true,"href":"https:\/\/www.pmdalia.ma\/fr\/wp-json\/wp\/v2\/users\/1"}],"replies":[{"embeddable":true,"href":"https:\/\/www.pmdalia.ma\/fr\/wp-json\/wp\/v2\/comments?post=9095"}],"version-history":[{"count":29,"href":"https:\/\/www.pmdalia.ma\/fr\/wp-json\/wp\/v2\/pages\/9095\/revisions"}],"predecessor-version":[{"id":19373,"href":"https:\/\/www.pmdalia.ma\/fr\/wp-json\/wp\/v2\/pages\/9095\/revisions\/19373"}],"wp:attachment":[{"href":"https:\/\/www.pmdalia.ma\/fr\/wp-json\/wp\/v2\/media?parent=9095"}],"curies":[{"name":"wp","href":"https:\/\/api.w.org\/{rel}","templated":true}]}}